{"id":587,"date":"2017-03-09T09:45:28","date_gmt":"2017-03-09T09:45:28","guid":{"rendered":"http:\/\/www.hirewordpressdeveloper.in\/themes\/construction\/?page_id=587"},"modified":"2021-09-13T23:35:48","modified_gmt":"2021-09-13T20:35:48","slug":"contact-us","status":"publish","type":"page","link":"https:\/\/www.aramerproje.com\/?page_id=587","title":{"rendered":"Contact Us"},"content":{"rendered":"<p>[vc_row][vc_column css=&#8221;.vc_custom_1577699393105{padding-top: 0px !important;}&#8221;]<div class=\"sk-space\" id=\"sk-space-202884158869e8b0cd4f84d\"><\/div><style>#sk-space-202884158869e8b0cd4f84d{height:85px;}@media (max-width: 1200px){#sk-space-202884158869e8b0cd4f84d{height:65px;}}@media (max-width: 991px){#sk-space-202884158869e8b0cd4f84d{height:55px;}}@media (max-width: 767px){#sk-space-202884158869e8b0cd4f84d{height:45px;}}@media (max-width: 574px){#sk-space-202884158869e8b0cd4f84d{height:35px;}}<\/style>[\/vc_column][vc_column width=&#8221;4\/12&#8243;]<div class=\"text-left\"><h4 style=\"color:\">ADRES\u0130M\u0130Z<\/h4><div class=\"edge-seprator\"><\/div><\/div>[vc_column_text]\u00c7eneda\u011f Mahallesi. Sandalc\u0131 Sokak.<\/p>\n<p>No:4\/3 Derince\/KOCAEL\u0130<\/p>\n<p>(+90) 538 931 0584<br \/>\n(+90) 538 679 0967<\/p>\n<p>info@aramerproje.com[\/vc_column_text]<div class=\"text-left\"><h4 style=\"color:\">\u00c7ALI\u015eMA SAATLER\u0130M\u0130Z<\/h4><div class=\"edge-seprator\"><\/div><\/div>[vc_column_text]<\/p>\n<p style=\"text-align: left;\">Pazartesi &#8211; Cuma 08:00 &#8211; 18:30<br \/>\nCumartesi &#8211; Pazar : 08:00 &#8211; 14:30<\/p>\n<p>[\/vc_column_text][\/vc_column][vc_column width=&#8221;8\/12&#8243;]<div class=\"text-left\"><h3 style=\"color:\">B\u0130ZE ULA\u015eIN<\/h3><div class=\"edge-seprator\"><\/div><\/div><div role=\"form\" class=\"wpcf7\" id=\"wpcf7-f1645-o1\" lang=\"en-US\" dir=\"ltr\">\n<div class=\"screen-reader-response\"><\/div>\n<form action=\"\/index.php?rest_route=%2Fwp%2Fv2%2Fpages%2F587#wpcf7-f1645-o1\" method=\"post\" class=\"wpcf7-form\" novalidate=\"novalidate\">\n<div style=\"display: none;\">\n<input type=\"hidden\" name=\"_wpcf7\" value=\"1645\" \/>\n<input type=\"hidden\" name=\"_wpcf7_version\" value=\"5.1.6\" \/>\n<input type=\"hidden\" name=\"_wpcf7_locale\" value=\"en_US\" \/>\n<input type=\"hidden\" name=\"_wpcf7_unit_tag\" value=\"wpcf7-f1645-o1\" \/>\n<input type=\"hidden\" name=\"_wpcf7_container_post\" value=\"0\" \/>\n<\/div>\n<div class=\"contact-us-page\">\n<div class=\"row\">\n<div class=\"col-lg-6 col-md-6 col-sm-12 m0 col-xs-12\">\n<span class=\"wpcf7-form-control-wrap full_name\"><input type=\"text\" name=\"full_name\" value=\"\" size=\"40\" class=\"wpcf7-form-control wpcf7-text wpcf7-validates-as-required\" aria-required=\"true\" aria-invalid=\"false\" placeholder=\"Full Name\" \/><\/span>\n<\/div>\n<div class=\"col-lg-6 col-md-6 col-sm-12 m0 col-xs-12\">\n<span class=\"wpcf7-form-control-wrap email\"><input type=\"email\" name=\"email\" value=\"\" size=\"40\" class=\"wpcf7-form-control wpcf7-text wpcf7-email wpcf7-validates-as-required wpcf7-validates-as-email\" aria-required=\"true\" aria-invalid=\"false\" placeholder=\"Email ID\" \/><\/span>\n<\/div>\n<\/div>\n<div class=\"row\">\n<div class=\"col-lg-12 col-md-12 col-sm-12 col-xs-12\">\n<span class=\"wpcf7-form-control-wrap subject\"><input type=\"text\" name=\"subject\" value=\"\" size=\"40\" class=\"wpcf7-form-control wpcf7-text wpcf7-validates-as-required\" aria-required=\"true\" aria-invalid=\"false\" placeholder=\"Subject\" \/><\/span>\n<\/div>\n<\/div>\n<div class=\"row\">\n<div class=\"col-lg-12 col-md-12 col-sm-12 col-xs-12\">\n<span class=\"wpcf7-form-control-wrap message\"><textarea name=\"message\" cols=\"40\" rows=\"10\" class=\"wpcf7-form-control wpcf7-textarea wpcf7-validates-as-required\" aria-required=\"true\" aria-invalid=\"false\" placeholder=\"Message\"><\/textarea><\/span>\n<\/div>\n<\/div>\n<div class=\"row\">\n<div class=\"col-lg-12 col-md-12 col-sm-12 col-xs-12\">\n<input type=\"submit\" value=\"Submit Now\" class=\"wpcf7-form-control wpcf7-submit button-orange\" \/>\n<\/div>\n<\/div>\n<\/div>\n<div class=\"wpcf7-response-output wpcf7-display-none\"><\/div><\/form><\/div>[\/vc_column][vc_column css=&#8221;.vc_custom_1577699421834{padding-top: 0px !important;}&#8221;]<div class=\"sk-space\" id=\"sk-space-41372430569e8b0cd507a7\"><\/div><style>#sk-space-41372430569e8b0cd507a7{height:55px;}@media (max-width: 1200px){#sk-space-41372430569e8b0cd507a7{height:35px;}}@media (max-width: 991px){#sk-space-41372430569e8b0cd507a7{height:25px;}}@media (max-width: 767px){#sk-space-41372430569e8b0cd507a7{height:10px;}}<\/style>[\/vc_column][\/vc_row][vc_row full_width=&#8221;stretch_row_content_no_spaces&#8221;][vc_column]\r\n\t<div id=\"mapCCWbd\" style=\"width:100%; height:500px;\"><\/div>\r\n\r\n\t<script type=\"text\/javascript\">\r\n\tjQuery(document).ready(function($){\r\n\t\tvar token = 'CCWbd';\r\n\t\tvar map_marker = 'yes';\r\n\t\tvar html = '169 Building, Cau Giay District, Hanoi, Vietnam';\r\n\t\t\r\n\t\t\/\/ Initialize google map\r\n\t\tvar map;\r\n\t\tfunction initialize(){\r\n\r\n\t\t  \t\/\/ Set google map property\r\n\t\t  \tvar myCenter = new google.maps.LatLng(40.712784, -74.005941);\r\n\t\t  \tvar mapProp = {\r\n\t\t  \t\tscrollwheel: false,\r\n\t\t      \tcenter : myCenter,\r\n\t\t      \tzoom : 17,\r\n\t\t      \tmapTypeId : google.maps.MapTypeId.ROADMAP,\t\t      \t\r\n\t\t  \t};\r\n\t\t  \tvar map = new google.maps.Map(document.getElementById(\"map\"+token), mapProp);\r\n\t\t  \t\r\n\t\t  \tif( map_marker == 'yes' ){\r\n\t\t\t  \t\/\/ Set google map marker\r\n\t\t\t  \tvar marker = new google.maps.Marker({\r\n\t\t\t      \tposition : myCenter,\r\n\t\t\t      \ticon : 'https:\/\/www.aramerproje.com\/wp-content\/themes\/construction\/assets\/images\/map-marker.png',\r\n\t\t\t      \ttitle : '169 Building, Cau Giay District, Hanoi, Vietnam',\r\n\t\t\t  \t});\r\n\t\t\t\tmarker.setMap(map);\r\n\r\n\t\t\t\tif( html != '' ){\r\n\t\t\t\t\tvar infowindow = new google.maps.InfoWindow({\r\n\t    \t\t\t\tcontent: '169 Building, Cau Giay District, Hanoi, Vietnam'\r\n\t  \t\t\t\t});\r\n\r\n\t\t\t\t\tmarker.addListener('click', function() {\r\n\t\t\t\t\t    infowindow.open(map, marker);\r\n\t\t\t\t\t});\r\n\t\t\t\t}\r\n\t\t\t}\r\n\t\t}\r\n\t\t\/\/ Check google map ID is available or not\r\n\t\tif(document.getElementById(\"map\"+token) != null ){\r\n\t\t  \tgoogle.maps.event.addDomListener(window, 'load', initialize);   \r\n\t\t}\r\n\t});\r\n\t<\/script>[\/vc_column][\/vc_row]<\/p>\n","protected":false},"excerpt":{"rendered":"<p>[vc_row][vc_column css=&#8221;.vc_custom_1577699393105{padding-top: 0px !important;}&#8221;][\/vc_column][vc_column width=&#8221;4\/12&#8243;][vc_column_text]\u00c7eneda\u011f Mahallesi. Sandalc\u0131 Sokak. No:4\/3 Derince\/KOCAEL\u0130 (+90) 538 931 0584 (+90) 538 679 0967 info@aramerproje.com[\/vc_column_text][vc_column_text] Pazartesi &#8211; Cuma 08:00 &#8211; 18:30 Cumartesi &#8211; Pazar : 08:00 &#8211; 14:30 [\/vc_column_text][\/vc_column][vc_column width=&#8221;8\/12&#8243;][\/vc_column][vc_column css=&#8221;.vc_custom_1577699421834{padding-top: 0px !important;}&#8221;][\/vc_column][\/vc_row][vc_row full_width=&#8221;stretch_row_content_no_spaces&#8221;][vc_column][\/vc_column][\/vc_row]<\/p>\n","protected":false},"author":2,"featured_media":0,"parent":0,"menu_order":0,"comment_status":"closed","ping_status":"closed","template":"templates\/vc-page-template.php","meta":{"footnotes":""},"class_list":["post-587","page","type-page","status-publish","hentry"],"_links":{"self":[{"href":"https:\/\/www.aramerproje.com\/index.php?rest_route=\/wp\/v2\/pages\/587","targetHints":{"allow":["GET"]}}],"collection":[{"href":"https:\/\/www.aramerproje.com\/index.php?rest_route=\/wp\/v2\/pages"}],"about":[{"href":"https:\/\/www.aramerproje.com\/index.php?rest_route=\/wp\/v2\/types\/page"}],"author":[{"embeddable":true,"href":"https:\/\/www.aramerproje.com\/index.php?rest_route=\/wp\/v2\/users\/2"}],"replies":[{"embeddable":true,"href":"https:\/\/www.aramerproje.com\/index.php?rest_route=%2Fwp%2Fv2%2Fcomments&post=587"}],"version-history":[{"count":3,"href":"https:\/\/www.aramerproje.com\/index.php?rest_route=\/wp\/v2\/pages\/587\/revisions"}],"predecessor-version":[{"id":1782,"href":"https:\/\/www.aramerproje.com\/index.php?rest_route=\/wp\/v2\/pages\/587\/revisions\/1782"}],"wp:attachment":[{"href":"https:\/\/www.aramerproje.com\/index.php?rest_route=%2Fwp%2Fv2%2Fmedia&parent=587"}],"curies":[{"name":"wp","href":"https:\/\/api.w.org\/{rel}","templated":true}]}}