{"id":423,"date":"2017-03-08T02:52:49","date_gmt":"2017-03-08T02:52:49","guid":{"rendered":"http:\/\/www.hirewordpressdeveloper.in\/themes\/construction\/?page_id=423"},"modified":"2021-09-14T00:16:17","modified_gmt":"2021-09-13T21:16:17","slug":"about-us","status":"publish","type":"page","link":"https:\/\/www.aramerproje.com\/?page_id=423","title":{"rendered":"Hakk\u0131m\u0131zda"},"content":{"rendered":"<p>[vc_row css_animation=&#8221;fadeInUp&#8221;][vc_column]<div class=\"sk-space\" id=\"sk-space-169806178669e8b029509ea\"><\/div><style>#sk-space-169806178669e8b029509ea{height:85px;}@media (max-width: 1200px){#sk-space-169806178669e8b029509ea{height:65px;}}@media (max-width: 991px){#sk-space-169806178669e8b029509ea{height:55px;}}@media (max-width: 767px){#sk-space-169806178669e8b029509ea{height:45px;}}@media (max-width: 574px){#sk-space-169806178669e8b029509ea{height:35px;}}<\/style><div class=\"text-center\"><h3 style=\"color:\">ARAMER PROJEYE GENEL BAKI\u015e<\/h3><div class=\"edge-seprator\"><\/div><\/div>[vc_row_inner][vc_column_inner offset=&#8221;vc_col-md-6&#8243;][vc_column_text css=&#8221;.vc_custom_1587910739343{margin-bottom: 0px !important;}&#8221;]<strong>GENEL BAKI\u015e<\/strong><br \/>\nM\u00fchendislik ve M\u00fcteahhitlik alan\u0131nda kaliteli i\u015fler yapmay\u0131 ilke edinmi\u015f, gen\u00e7 ve dinamik bir firma olarak, 5 Temmuz 2017 tarihinde kurulmu\u015ftur. Kurulu\u015fundan Bug\u00fcne kadar yapt\u0131\u011f\u0131m\u0131z t\u00fcm i\u015flerde; yetkin personelleri ile taahh\u00fct edilen s\u00fcre ve kalitede, m\u00fc\u015fteri memnuniyetini hassasiyet ile g\u00f6zeterek i\u015flerimizi teslim etmek birinci \u00f6nceli\u011fimizdir.<\/p>\n<p><strong>M\u0130SYONUMUZ<\/strong><\/p>\n<p>Bilgi, tecr\u00fcbe ve teknolojiyi harmanlayarak, uygulad\u0131\u011f\u0131m\u0131z projeleri ilgili standartlara uygun, \u00fcst d\u00fczey kalitede, i\u015f-hareket planlama, zaman tasarrufu ve en uygun maliyet prensipleri ile y\u00f6neterek, \u00fclkemizdeki al\u0131\u015f\u0131lagelmi\u015f m\u00fchendislik-m\u00fcteahhit anlay\u0131\u015f\u0131n\u0131n \u00f6n\u00fcne ge\u00e7meyi misyon edindik.<\/p>\n<p><strong>V\u0130ZYONUMUZ<\/strong><\/p>\n<p>Bilimsel ve teknolojik geli\u015fmeler \u0131\u015f\u0131\u011f\u0131nda ger\u00e7ekle\u015fen ve s\u00fcrekli geli\u015fen in\u015faat ve mimari alan\u0131ndaki geli\u015fmeleri yak\u0131ndan takip ederek, bu geli\u015fmeleri tecr\u00fcbeli teknik kadromuz, ak\u0131l ve bilim ile harmanlayarak m\u00fchendislik ve in\u015faat sekt\u00f6r\u00fcnde d\u00fcnya kalite standartlar\u0131nda ve en ekonomik \u00e7\u00f6z\u00fcm\u00fc sunmay\u0131 kendimize vizyon edindik.[\/vc_column_text]<div class=\"sk-space\" id=\"sk-space-27224874069e8b02950a78\"><\/div><style>#sk-space-27224874069e8b02950a78{height:px;}<\/style>[\/vc_column_inner][vc_column_inner css=&#8221;.vc_custom_1489655619660{margin-top: 20px !important;}&#8221; offset=&#8221;vc_col-md-6&#8243;][vc_single_image image=&#8221;270&#8243; img_size=&#8221;full&#8221; alignment=&#8221;center&#8221; css=&#8221;.vc_custom_1577689201181{margin-bottom: 0px !important;}&#8221;][\/vc_column_inner][vc_column_inner css=&#8221;.vc_custom_1577698081750{padding-top: 0px !important;}&#8221;]<div class=\"sk-space\" id=\"sk-space-118019539469e8b02950aab\"><\/div><style>#sk-space-118019539469e8b02950aab{height:90px;}@media (max-width: 1200px){#sk-space-118019539469e8b02950aab{height:70px;}}@media (max-width: 991px){#sk-space-118019539469e8b02950aab{height:60px;}}@media (max-width: 767px){#sk-space-118019539469e8b02950aab{height:50px;}}@media (max-width: 574px){#sk-space-118019539469e8b02950aab{height:40px;}}<\/style>[\/vc_column_inner][\/vc_row_inner][\/vc_column][\/vc_row][vc_row full_width=&#8221;stretch_row&#8221; parallax=&#8221;content-moving&#8221; parallax_image=&#8221;1036&#8243; css_animation=&#8221;fadeInUp&#8221;][vc_column css=&#8221;.vc_custom_1577698073251{padding-top: 0px !important;}&#8221;]<div class=\"sk-space\" id=\"sk-space-2608760169e8b02950adb\"><\/div><style>#sk-space-2608760169e8b02950adb{height:65px;}@media (max-width: 1200px){#sk-space-2608760169e8b02950adb{height:45px;}}@media (max-width: 991px){#sk-space-2608760169e8b02950adb{height:35px;}}@media (max-width: 767px){#sk-space-2608760169e8b02950adb{height:50px;}}@media (max-width: 574px){#sk-space-2608760169e8b02950adb{height:40px;}}<\/style>[\/vc_column][vc_column width=&#8221;1\/6&#8243; css=&#8221;.vc_custom_1578133697999{padding-top: 0px !important;}&#8221; offset=&#8221;vc_col-xs-6&#8243;]\r\n\t\t<div class=\"project-count text-center project-count-v1\">\r\n\t\t\t<div class=\"count-list-inner\">\r\n\t\t\t\t<div class=\"project-counter counter-new-style\"><i class=\"icon-home\" style=\" font-size:40px;\"><\/i><h2 class=\"timer\">7<\/h2>\r\n\t\t\t\t\t<p>Planlanan Projeler<\/p>\r\n\t\t\t\t<\/div>\r\n\t\t\t<\/div>\r\n\t\t<\/div>[\/vc_column][vc_column width=&#8221;1\/6&#8243; css=&#8221;.vc_custom_1578133703465{padding-top: 0px !important;}&#8221; offset=&#8221;vc_col-xs-6&#8243;]\r\n\t\t<div class=\"project-count text-center project-count-v1\">\r\n\t\t\t<div class=\"count-list-inner\">\r\n\t\t\t\t<div class=\"project-counter counter-new-style\"><i class=\"icon-badge\" style=\" font-size:40px;\"><\/i><h2 class=\"timer\">41<\/h2>\r\n\t\t\t\t\t<p>Tamamlanan Projeler<\/p>\r\n\t\t\t\t<\/div>\r\n\t\t\t<\/div>\r\n\t\t<\/div>[\/vc_column][vc_column width=&#8221;1\/6&#8243; css=&#8221;.vc_custom_1578133708920{padding-top: 0px !important;}&#8221; offset=&#8221;vc_col-xs-6&#8243;]\r\n\t\t<div class=\"project-count text-center project-count-v1\">\r\n\t\t\t<div class=\"count-list-inner\">\r\n\t\t\t\t<div class=\"project-counter counter-new-style\"><i class=\"icon-people\" style=\" font-size:40px;\"><\/i><h2 class=\"timer\">25<\/h2>\r\n\t\t\t\t\t<p>REFERANSLARIMIZ<\/p>\r\n\t\t\t\t<\/div>\r\n\t\t\t<\/div>\r\n\t\t<\/div>[\/vc_column][vc_column width=&#8221;1\/6&#8243; css=&#8221;.vc_custom_1578133718352{padding-top: 0px !important;}&#8221; offset=&#8221;vc_col-xs-6&#8243;]\r\n\t\t<div class=\"project-count text-center project-count-v1\">\r\n\t\t\t<div class=\"count-list-inner\">\r\n\t\t\t\t<div class=\"project-counter counter-new-style\"><i class=\"icon-trophy\" style=\" font-size:40px;\"><\/i><h2 class=\"timer\">259<\/h2>\r\n\t\t\t\t\t<p>Awards<\/p>\r\n\t\t\t\t<\/div>\r\n\t\t\t<\/div>\r\n\t\t<\/div>[\/vc_column][vc_column width=&#8221;1\/6&#8243; css=&#8221;.vc_custom_1578133725886{padding-top: 0px !important;}&#8221; offset=&#8221;vc_col-xs-6&#8243;]\r\n\t\t<div class=\"project-count text-center project-count-v1\">\r\n\t\t\t<div class=\"count-list-inner\">\r\n\t\t\t\t<div class=\"project-counter counter-new-style\"><i class=\"icon-like\" style=\" font-size:40px;\"><\/i><h2 class=\"timer\">5100<\/h2>\r\n\t\t\t\t\t<p>DESTEK\u00c7\u0130LER\u0130M\u0130Z<\/p>\r\n\t\t\t\t<\/div>\r\n\t\t\t<\/div>\r\n\t\t<\/div>[\/vc_column][vc_column css=&#8221;.vc_custom_1577698076538{padding-top: 0px !important;}&#8221;]<div class=\"sk-space\" id=\"sk-space-5154098569e8b02950d52\"><\/div><style>#sk-space-5154098569e8b02950d52{height:60px;}@media (max-width: 1200px){#sk-space-5154098569e8b02950d52{height:40px;}}@media (max-width: 991px){#sk-space-5154098569e8b02950d52{height:30px;}}@media (max-width: 767px){#sk-space-5154098569e8b02950d52{height:0px;}}<\/style>[\/vc_column][\/vc_row][vc_row full_width=&#8221;stretch_row&#8221; css_animation=&#8221;fadeInUp&#8221; css=&#8221;.vc_custom_1577696970301{background-color: #f5f5f5 !important;}&#8221;][vc_column css=&#8221;.vc_custom_1577696994033{padding-top: 0px !important;}&#8221;]<div class=\"sk-space\" id=\"sk-space-133454056069e8b02950d80\"><\/div><style>#sk-space-133454056069e8b02950d80{height:85px;}@media (max-width: 1200px){#sk-space-133454056069e8b02950d80{height:65px;}}@media (max-width: 991px){#sk-space-133454056069e8b02950d80{height:55px;}}@media (max-width: 767px){#sk-space-133454056069e8b02950d80{height:45px;}}@media (max-width: 574px){#sk-space-133454056069e8b02950d80{height:35px;}}<\/style><div class=\"text-center\"><h3 style=\"color:\">\u00c7ALI\u015eMA KADROMUZ<\/h3><div class=\"edge-seprator\"><\/div><\/div><div class=\"sk-space\" id=\"sk-space-189530483969e8b02950dd4\"><\/div><style>#sk-space-189530483969e8b02950dd4{height:35px;}@media (max-width: 1200px){#sk-space-189530483969e8b02950dd4{height:30px;}}@media (max-width: 991px){#sk-space-189530483969e8b02950dd4{height:25px;}}@media (max-width: 767px){#sk-space-189530483969e8b02950dd4{height:20px;}}@media (max-width: 574px){#sk-space-189530483969e8b02950dd4{height:15px;}}<\/style><div class=\"blog-item-inner our-team-2 text-center our-team-v2\"><div class=\"carousel-box\"><div class=\"carousel\" data-carousel-autoplay=\"true\" data-carousel-items=\"4\" data-carousel-nav=\"false\" data-carousel-pagination=\"false\"  data-carousel-speed=\"1000\">\r\n\t\t\t\t<div class=\"carousel-item item-team text-center\">\r\n\t\t\t\t\t<div class=\"overlay-wrapper\">\r\n\t\t\t\t\t\t<img decoding=\"async\" src=\"https:\/\/www.aramerproje.com\/wp-content\/uploads\/2020\/04\/001-2-scaled.jpg\" alt=\"AHMET RA\u015e\u0130T AKG\u00dcN\">\r\n\t\t\t\t\t\t<div class=\"overlay-bg\"><\/div>\t\r\n\t\t\t\t\t<\/div>\r\n\t\t\t\t\t<div class=\"portfolio-item-content\">\r\n\t\t\t\t\t<h4>AHMET RA\u015e\u0130T AKG\u00dcN<\/h4>\r\n\t\t\t\t\t<p>\u0130n\u015faat Y\u00fcksek M\u00fchendisi<\/p>\r\n\t\t\t\t<\/div><\/div>\r\n\t\t\t\t<div class=\"carousel-item item-team text-center\">\r\n\t\t\t\t\t<div class=\"overlay-wrapper\">\r\n\t\t\t\t\t\t<img decoding=\"async\" src=\"https:\/\/www.aramerproje.com\/wp-content\/uploads\/2020\/04\/WhatsApp-Image-2020-04-26-at-15.31.30-e1587906490392.jpeg\" alt=\"\u00d6mer Faruk ARSLAN\">\r\n\t\t\t\t\t\t<div class=\"overlay-bg\"><\/div>\t\r\n\t\t\t\t\t<\/div>\r\n\t\t\t\t\t<div class=\"portfolio-item-content\">\r\n\t\t\t\t\t<h4>\u00d6mer Faruk ARSLAN<\/h4>\r\n\t\t\t\t\t<p>\u0130n\u015faat M\u00fchendisi<\/p>\r\n\t\t\t\t<\/div><\/div>\r\n\t\t\t\t<div class=\"carousel-item item-team text-center\">\r\n\t\t\t\t\t<div class=\"overlay-wrapper\">\r\n\t\t\t\t\t\t<img decoding=\"async\" src=\"https:\/\/www.aramerproje.com\/wp-content\/uploads\/2020\/04\/WhatsApp-Image-2020-04-26-at-15.43.02.jpeg\" alt=\"Aydonat MERCANG\u00d6Z\">\r\n\t\t\t\t\t\t<div class=\"overlay-bg\"><\/div>\t\r\n\t\t\t\t\t<\/div>\r\n\t\t\t\t\t<div class=\"portfolio-item-content\">\r\n\t\t\t\t\t<h4>Aydonat MERCANG\u00d6Z<\/h4>\r\n\t\t\t\t\t<p>\u0130n\u015faat M\u00fchendisi<\/p>\r\n\t\t\t\t<\/div><\/div>\r\n\t\t\t\t<div class=\"carousel-item item-team text-center\">\r\n\t\t\t\t\t<div class=\"overlay-wrapper\">\r\n\t\t\t\t\t\t<img decoding=\"async\" src=\"https:\/\/www.aramerproje.com\/wp-content\/uploads\/2020\/04\/WhatsApp-Image-2020-04-26-at-16.12.52.jpeg\" alt=\"Or\u00e7un Yanmaz\">\r\n\t\t\t\t\t\t<div class=\"overlay-bg\"><\/div>\t\r\n\t\t\t\t\t<\/div>\r\n\t\t\t\t\t<div class=\"portfolio-item-content\">\r\n\t\t\t\t\t<h4>Or\u00e7un Yanmaz<\/h4>\r\n\t\t\t\t\t<p>Avukat<\/p>\r\n\t\t\t\t<\/div><\/div>\r\n\t\t\t\t<div class=\"carousel-item item-team text-center\">\r\n\t\t\t\t\t<div class=\"overlay-wrapper\">\r\n\t\t\t\t\t\t<img decoding=\"async\" src=\"https:\/\/www.aramerproje.com\/wp-content\/uploads\/2020\/04\/pp.jpg\" alt=\"ALPER AKG\u00dcN\">\r\n\t\t\t\t\t\t<div class=\"overlay-bg\"><\/div>\t\r\n\t\t\t\t\t<\/div>\r\n\t\t\t\t\t<div class=\"portfolio-item-content\">\r\n\t\t\t\t\t<h4>ALPER AKG\u00dcN<\/h4>\r\n\t\t\t\t\t<p>Mali M\u00fc\u015favir<\/p>\r\n\t\t\t\t<\/div><\/div><\/div><\/div><\/div><div class=\"sk-space\" id=\"sk-space-18474928069e8b02952a64\"><\/div><style>#sk-space-18474928069e8b02952a64{height:60px;}@media (max-width: 1200px){#sk-space-18474928069e8b02952a64{height:40px;}}@media (max-width: 991px){#sk-space-18474928069e8b02952a64{height:30px;}}@media (max-width: 767px){#sk-space-18474928069e8b02952a64{height:20px;}}@media (max-width: 574px){#sk-space-18474928069e8b02952a64{height:10px;}}<\/style>[\/vc_column][\/vc_row][vc_row][vc_column]<div class=\"sk-space\" id=\"sk-space-141441532269e8b02952a9b\"><\/div><style>#sk-space-141441532269e8b02952a9b{height:85px;}@media (max-width: 1200px){#sk-space-141441532269e8b02952a9b{height:65px;}}@media (max-width: 991px){#sk-space-141441532269e8b02952a9b{height:55px;}}@media (max-width: 767px){#sk-space-141441532269e8b02952a9b{height:45px;}}@media (max-width: 574px){#sk-space-141441532269e8b02952a9b{height:35px;}}<\/style><div class=\"text-center\"><h3 style=\"color:\">REFERANSLARIMIZ<\/h3><div class=\"edge-seprator\"><\/div><\/div><div class=\"sk-space\" id=\"sk-space-164260325669e8b02952b11\"><\/div><style>#sk-space-164260325669e8b02952b11{height:35px;}@media (max-width: 1200px){#sk-space-164260325669e8b02952b11{height:30px;}}@media (max-width: 991px){#sk-space-164260325669e8b02952b11{height:25px;}}@media (max-width: 767px){#sk-space-164260325669e8b02952b11{height:20px;}}@media (max-width: 574px){#sk-space-164260325669e8b02952b11{height:15px;}}<\/style><div class=\"carousel-box partner-carousel\"><div class=\"carousel\" data-carousel-autoplay=\"true\" data-carousel-items=\"5\" data-carousel-nav=\"false\" data-carousel-pagination=\"false\"  data-carousel-speed=\"1000\"><div class=\"carousel-item\">\r\n\t\t        \t<a href=\"\"><img decoding=\"async\" src=\"https:\/\/www.aramerproje.com\/wp-content\/uploads\/2020\/04\/fLnpZoQf_400x400.jpg\" alt=\"Our Client\"><\/a>\r\n\t\t        <\/div><div class=\"carousel-item\">\r\n\t\t        \t<a href=\"\"><img decoding=\"async\" src=\"https:\/\/www.aramerproje.com\/wp-content\/uploads\/2020\/04\/indir-1.jpg\" alt=\"Our Client\"><\/a>\r\n\t\t        <\/div><div class=\"carousel-item\">\r\n\t\t        \t<a href=\"\"><img decoding=\"async\" src=\"https:\/\/www.aramerproje.com\/wp-content\/uploads\/2020\/04\/indir-2.jpg\" alt=\"Our Client\"><\/a>\r\n\t\t        <\/div><div class=\"carousel-item\">\r\n\t\t        \t<a href=\"\"><img decoding=\"async\" src=\"https:\/\/www.aramerproje.com\/wp-content\/uploads\/2020\/04\/indir-3.jpg\" alt=\"Our Client\"><\/a>\r\n\t\t        <\/div><div class=\"carousel-item\">\r\n\t\t        \t<a href=\"\"><img decoding=\"async\" src=\"https:\/\/www.aramerproje.com\/wp-content\/uploads\/2020\/04\/indir.jpg\" alt=\"Our Client\"><\/a>\r\n\t\t        <\/div><div class=\"carousel-item\">\r\n\t\t        \t<a href=\"\"><img decoding=\"async\" src=\"https:\/\/www.aramerproje.com\/wp-content\/uploads\/2020\/04\/tupras_logo.png\" alt=\"Our Client\"><\/a>\r\n\t\t        <\/div><div class=\"carousel-item\">\r\n\t\t        \t<a href=\"\"><img decoding=\"async\" src=\"https:\/\/www.aramerproje.com\/wp-content\/uploads\/2020\/04\/unnamed-1.png\" alt=\"Our Client\"><\/a>\r\n\t\t        <\/div><div class=\"carousel-item\">\r\n\t\t        \t<a href=\"\"><img decoding=\"async\" src=\"https:\/\/www.aramerproje.com\/wp-content\/uploads\/2020\/04\/85.jpg\" alt=\"Our Client\"><\/a>\r\n\t\t        <\/div><div class=\"carousel-item\">\r\n\t\t        \t<a href=\"\"><img decoding=\"async\" src=\"https:\/\/www.aramerproje.com\/wp-content\/uploads\/2020\/04\/kcPZLiZI_400x400.jpg\" alt=\"Our Client\"><\/a>\r\n\t\t        <\/div><div class=\"carousel-item\">\r\n\t\t        \t<a href=\"\"><img decoding=\"async\" src=\"https:\/\/www.aramerproje.com\/wp-content\/uploads\/2020\/04\/indir-1.png\" alt=\"Our Client\"><\/a>\r\n\t\t        <\/div><div class=\"carousel-item\">\r\n\t\t        \t<a href=\"\"><img decoding=\"async\" src=\"https:\/\/www.aramerproje.com\/wp-content\/uploads\/2020\/04\/unnamed-2.png\" alt=\"Our Client\"><\/a>\r\n\t\t        <\/div><div class=\"carousel-item\">\r\n\t\t        \t<a href=\"\"><img decoding=\"async\" src=\"https:\/\/www.aramerproje.com\/wp-content\/uploads\/2021\/09\/BASF-Logo_bw.svg_.png\" alt=\"Our Client\"><\/a>\r\n\t\t        <\/div><\/div><\/div><div class=\"sk-space\" id=\"sk-space-152576156969e8b02956547\"><\/div><style>#sk-space-152576156969e8b02956547{height:130px;}@media (max-width: 1200px){#sk-space-152576156969e8b02956547{height:110px;}}@media (max-width: 991px){#sk-space-152576156969e8b02956547{height:100px;}}@media (max-width: 767px){#sk-space-152576156969e8b02956547{height:90px;}}@media (max-width: 574px){#sk-space-152576156969e8b02956547{height:80px;}}<\/style>[\/vc_column][\/vc_row]<\/p>\n","protected":false},"excerpt":{"rendered":"<p>[vc_row css_animation=&#8221;fadeInUp&#8221;][vc_column][vc_row_inner][vc_column_inner offset=&#8221;vc_col-md-6&#8243;][vc_column_text css=&#8221;.vc_custom_1587910739343{margin-bottom: 0px !important;}&#8221;]GENEL BAKI\u015e M\u00fchendislik ve M\u00fcteahhitlik alan\u0131nda kaliteli i\u015fler yapmay\u0131 ilke edinmi\u015f, gen\u00e7 ve dinamik bir firma olarak, 5 Temmuz 2017 tarihinde kurulmu\u015ftur. Kurulu\u015fundan Bug\u00fcne kadar yapt\u0131\u011f\u0131m\u0131z t\u00fcm i\u015flerde; yetkin personelleri ile taahh\u00fct edilen s\u00fcre ve kalitede, m\u00fc\u015fteri memnuniyetini hassasiyet ile g\u00f6zeterek i\u015flerimizi teslim etmek birinci \u00f6nceli\u011fimizdir. M\u0130SYONUMUZ Bilgi, tecr\u00fcbe ve [&hellip;]<\/p>\n","protected":false},"author":2,"featured_media":0,"parent":0,"menu_order":0,"comment_status":"closed","ping_status":"closed","template":"templates\/vc-page-template.php","meta":{"footnotes":""},"class_list":["post-423","page","type-page","status-publish","hentry"],"_links":{"self":[{"href":"https:\/\/www.aramerproje.com\/index.php?rest_route=\/wp\/v2\/pages\/423","targetHints":{"allow":["GET"]}}],"collection":[{"href":"https:\/\/www.aramerproje.com\/index.php?rest_route=\/wp\/v2\/pages"}],"about":[{"href":"https:\/\/www.aramerproje.com\/index.php?rest_route=\/wp\/v2\/types\/page"}],"author":[{"embeddable":true,"href":"https:\/\/www.aramerproje.com\/index.php?rest_route=\/wp\/v2\/users\/2"}],"replies":[{"embeddable":true,"href":"https:\/\/www.aramerproje.com\/index.php?rest_route=%2Fwp%2Fv2%2Fcomments&post=423"}],"version-history":[{"count":12,"href":"https:\/\/www.aramerproje.com\/index.php?rest_route=\/wp\/v2\/pages\/423\/revisions"}],"predecessor-version":[{"id":1789,"href":"https:\/\/www.aramerproje.com\/index.php?rest_route=\/wp\/v2\/pages\/423\/revisions\/1789"}],"wp:attachment":[{"href":"https:\/\/www.aramerproje.com\/index.php?rest_route=%2Fwp%2Fv2%2Fmedia&parent=423"}],"curies":[{"name":"wp","href":"https:\/\/api.w.org\/{rel}","templated":true}]}}